{"id":5,"date":"2012-02-13T18:00:26","date_gmt":"2012-02-13T18:00:26","guid":{"rendered":"http:\/\/www.duhalde-diamants.com\/?page_id=5"},"modified":"2017-05-30T10:22:13","modified_gmt":"2017-05-30T08:22:13","slug":"contact","status":"publish","type":"page","link":"https:\/\/www.duhalde-diamants.com\/en\/contact\/","title":{"rendered":"Contact"},"content":{"rendered":"<div id=\"contact-coordonnees\" class=\"bloc-contact\">\n<h2>Coordonn\u00e9es<\/h2>\n<p><strong>Duhalde Diamants<\/strong><br \/>\n16 place Cl\u00e9menceau<br \/>\n64200 Biarritz<\/p>\n<p>T\u00e9l\u00e9phone : <span style=\"font-size: 26px; font-weight: bold;\">05 59 23 35 47<\/span><\/p>\n<\/div>\n<div id=\"contact-formulaire\" class=\"bloc-contact\">\n<h2>Formulaire de contact<\/h2>\n\n<div class=\"wpcf7 no-js\" id=\"wpcf7-f4-o1\" lang=\"en-US\" dir=\"ltr\" data-wpcf7-id=\"4\">\n<div class=\"screen-reader-response\"><p role=\"status\" aria-live=\"polite\" aria-atomic=\"true\"><\/p> <ul><\/ul><\/div>\n<form action=\"\/en\/wp-json\/wp\/v2\/pages\/5#wpcf7-f4-o1\" method=\"post\" class=\"wpcf7-form init\" aria-label=\"Contact form\" novalidate=\"novalidate\" data-status=\"init\">\n<fieldset class=\"hidden-fields-container\"><input type=\"hidden\" name=\"_wpcf7\" value=\"4\" \/><input type=\"hidden\" name=\"_wpcf7_version\" value=\"6.1.5\" \/><input type=\"hidden\" name=\"_wpcf7_locale\" value=\"en_US\" \/><input type=\"hidden\" name=\"_wpcf7_unit_tag\" value=\"wpcf7-f4-o1\" \/><input type=\"hidden\" name=\"_wpcf7_container_post\" value=\"0\" \/><input type=\"hidden\" name=\"_wpcf7_posted_data_hash\" value=\"\" \/><input type=\"hidden\" name=\"_wpcf7dtx_version\" value=\"5.0.5\" \/>\n<\/fieldset>\n<p>Les champs marqu\u00e9s d'une \u00e9toile sont obligatoires.\n<\/p>\n<p><label for=\"nom\">Nom * :<\/label><span class=\"wpcf7-form-control-wrap\" data-name=\"nom\"><input size=\"40\" maxlength=\"400\" class=\"wpcf7-form-control wpcf7-text wpcf7-validates-as-required\" id=\"nom\" aria-required=\"true\" aria-invalid=\"false\" value=\"\" type=\"text\" name=\"nom\" \/><\/span><br \/>\n<label for=\"societe\">Pr\u00e9nom :<\/label><span class=\"wpcf7-form-control-wrap\" data-name=\"prenom\"><input size=\"40\" maxlength=\"400\" class=\"wpcf7-form-control wpcf7-text\" id=\"prenom\" aria-invalid=\"false\" value=\"\" type=\"text\" name=\"prenom\" \/><\/span><br \/>\n<label for=\"adresse-email\">Adresse email * :<\/label><span class=\"wpcf7-form-control-wrap\" data-name=\"adresse-email\"><input size=\"40\" maxlength=\"400\" class=\"wpcf7-form-control wpcf7-email wpcf7-validates-as-required wpcf7-text wpcf7-validates-as-email\" id=\"adresse-email\" aria-required=\"true\" aria-invalid=\"false\" value=\"\" type=\"email\" name=\"adresse-email\" \/><\/span><br \/>\n<label for=\"telephone\">T\u00e9l\u00e9phone * :<\/label><span class=\"wpcf7-form-control-wrap\" data-name=\"telephone\"><input size=\"40\" maxlength=\"400\" class=\"wpcf7-form-control wpcf7-text wpcf7-validates-as-required\" id=\"telephone\" aria-required=\"true\" aria-invalid=\"false\" value=\"\" type=\"text\" name=\"telephone\" \/><\/span><br \/>\n<label for=\"sujet\">Sujet :<\/label><span class=\"wpcf7-form-control-wrap nom-offre\" data-name=\"nom-offre\"><input type=\"text\" name=\"nom-offre\" class=\"wpcf7-form-control wpcf7-text wpcf7dtx wpcf7dtx-text\" aria-invalid=\"false\" required=\"required\"><\/span>\n<\/p>\n<p><label for=\"message\">Message * :<\/label><span class=\"wpcf7-form-control-wrap\" data-name=\"message\"><textarea cols=\"40\" rows=\"10\" maxlength=\"2000\" class=\"wpcf7-form-control wpcf7-textarea wpcf7-validates-as-required\" id=\"message\" aria-required=\"true\" aria-invalid=\"false\" name=\"message\"><\/textarea><\/span>\n<\/p>\n<div class=\"wpcf7-turnstile cf-turnstile\" data-sitekey=\"0x4AAAAAAB6V_uQmKsAxng--\" data-response-field-name=\"_wpcf7_turnstile_response\"><\/div>\n<p class=\"envoyer\"><input class=\"wpcf7-form-control wpcf7-submit has-spinner\" type=\"submit\" value=\"Envoyer\" \/>\n<\/p><div class=\"wpcf7-response-output\" aria-hidden=\"true\"><\/div>\n<\/form>\n<\/div>\n\n<\/div>\n","protected":false},"excerpt":{"rendered":"<p>Coordonn\u00e9es Duhalde Diamants 16 place Cl\u00e9menceau 64200 Biarritz T\u00e9l\u00e9phone : 05 59 23 35 47 Formulaire de contact<\/p>\n","protected":false},"author":2,"featured_media":0,"parent":0,"menu_order":3,"comment_status":"closed","ping_status":"closed","template":"","meta":{"_acf_changed":false,"_seopress_robots_primary_cat":"","_seopress_titles_title":"","_seopress_titles_desc":"","_seopress_robots_index":"","ngg_post_thumbnail":0,"footnotes":""},"class_list":["post-5","page","type-page","status-publish","hentry"],"acf":[],"_links":{"self":[{"href":"https:\/\/www.duhalde-diamants.com\/en\/wp-json\/wp\/v2\/pages\/5","targetHints":{"allow":["GET"]}}],"collection":[{"href":"https:\/\/www.duhalde-diamants.com\/en\/wp-json\/wp\/v2\/pages"}],"about":[{"href":"https:\/\/www.duhalde-diamants.com\/en\/wp-json\/wp\/v2\/types\/page"}],"author":[{"embeddable":true,"href":"https:\/\/www.duhalde-diamants.com\/en\/wp-json\/wp\/v2\/users\/2"}],"replies":[{"embeddable":true,"href":"https:\/\/www.duhalde-diamants.com\/en\/wp-json\/wp\/v2\/comments?post=5"}],"version-history":[{"count":0,"href":"https:\/\/www.duhalde-diamants.com\/en\/wp-json\/wp\/v2\/pages\/5\/revisions"}],"wp:attachment":[{"href":"https:\/\/www.duhalde-diamants.com\/en\/wp-json\/wp\/v2\/media?parent=5"}],"curies":[{"name":"wp","href":"https:\/\/api.w.org\/{rel}","templated":true}]}}