{"id":9,"date":"2012-02-13T18:02:10","date_gmt":"2012-02-13T18:02:10","guid":{"rendered":"http:\/\/www.duhalde-diamants.com\/?page_id=9"},"modified":"2014-02-21T11:32:32","modified_gmt":"2014-02-21T10:32:32","slug":"mentions-legales","status":"publish","type":"page","link":"https:\/\/www.duhalde-diamants.com\/en\/mentions-legales\/","title":{"rendered":"Mentions l\u00e9gales"},"content":{"rendered":"<h2>Informations g\u00e9n\u00e9rales<\/h2>\n<p><strong>Duhalde Diamants<br \/> <\/strong><\/p>\n<p>Responsable de la publication<br \/> M et Mme Duhalde Christian<br \/> 16 Place Cl\u00e9menceau<br \/> 64200 Biarritz<br \/>France<\/p>\n<p>Conception et r\u00e9alisation du site : <a title=\"Agence Web Bayonne, rezo 21\" href=\"http:\/\/www.rezo21.net\/\" target=\"_blank\">rezo 21, agence web bayonne pays basque<\/a><\/p>\n<h2>Copyright<\/h2>\n<p>L\u2019ensemble de ce site rel\u00e8ve de la l\u00e9gislation fran\u00e7aise et internationale sur les droits d\u2019auteur et la propri\u00e9t\u00e9 intellectuelle. Tous les droits de reproduction sont r\u00e9serv\u00e9s. La reproduction de tout ou partie de ce site sur quelque support que ce soit est formellement interdite sauf autorisation expresse et pr\u00e9alable du directeur de la publication. La reproduction des textes de ce site sur un support papier est autoris\u00e9e, sous r\u00e9serve du respect des conditions suivantes : gratuit\u00e9 de la diffusion, respect de l\u2019int\u00e9grit\u00e9 des documents reproduits : pas de modification ni alt\u00e9ration d\u2019aucune sorte, citation claire et lisible de la source.<\/p>\n<h2>Traitement des donn\u00e9es personnelles<\/h2>\n<p>Les informations recueillies aupr\u00e8s des personnes par le biais des formulaires de contact ou par l\u2019envoi de messages \u00e9lectroniques sont destin\u00e9es exclusivement \u00e0 l\u2019usage de ce site Internet. Elles ne sont en aucun cas communiqu\u00e9es \u00e0 des tiers.<\/p>\n<p>Conform\u00e9ment aux articles 39 et suivants de la loi n\u00b0 78-17 du 6 janvier 1978 relative \u00e0 l\u2019informatique, aux fichiers et aux libert\u00e9s, toute personne peut obtenir communication et, le cas \u00e9ch\u00e9ant, rectification ou suppression des informations la concernant, en s\u2019adressant au directeur de publication. Toute personne peut \u00e9galement, pour des motifs l\u00e9gitimes, s\u2019opposer au traitement des donn\u00e9es la concernant.<\/p>\n<h2>H\u00e9bergement<\/h2>\n<p><strong>rezo 21<\/strong><br \/> Les Pyramides, 4 route de Pitoys, 64600 Anglet<br \/> T\u00e9l. : 05 59 20 89 97 et 06 03 54 07 30<br \/> Fax : 08 11 38 46 68<br \/> Adresse e-mail : <a href=\"mailto:contact@rezo21.net\">contact@rezo21.net<\/a><\/p>\n","protected":false},"excerpt":{"rendered":"<p>Informations g\u00e9n\u00e9rales Duhalde Diamants Responsable de la publication M et Mme Duhalde Christian 16 Place Cl\u00e9menceau 64200 BiarritzFrance Conception et r\u00e9alisation du site : rezo 21, agence web bayonne pays basque Copyright L\u2019ensemble de ce site rel\u00e8ve de la l\u00e9gislation &hellip; <a href=\"https:\/\/www.duhalde-diamants.com\/en\/mentions-legales\/\">Continuer la lecture <span class=\"glyphicon glyphicon-chevron-right\"><\/span><\/a><\/p>\n","protected":false},"author":2,"featured_media":0,"parent":0,"menu_order":998,"comment_status":"closed","ping_status":"closed","template":"","meta":{"_acf_changed":false,"_seopress_robots_primary_cat":"","_seopress_titles_title":"","_seopress_titles_desc":"","_seopress_robots_index":"","ngg_post_thumbnail":0,"footnotes":""},"class_list":["post-9","page","type-page","status-publish","hentry"],"acf":[],"_links":{"self":[{"href":"https:\/\/www.duhalde-diamants.com\/en\/wp-json\/wp\/v2\/pages\/9","targetHints":{"allow":["GET"]}}],"collection":[{"href":"https:\/\/www.duhalde-diamants.com\/en\/wp-json\/wp\/v2\/pages"}],"about":[{"href":"https:\/\/www.duhalde-diamants.com\/en\/wp-json\/wp\/v2\/types\/page"}],"author":[{"embeddable":true,"href":"https:\/\/www.duhalde-diamants.com\/en\/wp-json\/wp\/v2\/users\/2"}],"replies":[{"embeddable":true,"href":"https:\/\/www.duhalde-diamants.com\/en\/wp-json\/wp\/v2\/comments?post=9"}],"version-history":[{"count":0,"href":"https:\/\/www.duhalde-diamants.com\/en\/wp-json\/wp\/v2\/pages\/9\/revisions"}],"wp:attachment":[{"href":"https:\/\/www.duhalde-diamants.com\/en\/wp-json\/wp\/v2\/media?parent=9"}],"curies":[{"name":"wp","href":"https:\/\/api.w.org\/{rel}","templated":true}]}}