{"id":74,"date":"2013-10-15T13:04:27","date_gmt":"2013-10-15T11:04:27","guid":{"rendered":"http:\/\/www.duhalde-diamants.com\/?page_id=74"},"modified":"2014-06-30T17:22:05","modified_gmt":"2014-06-30T15:22:05","slug":"decouvrez-les-valeurs-du-diamant","status":"publish","type":"page","link":"https:\/\/www.duhalde-diamants.com\/es\/decouvrez-les-valeurs-du-diamant\/","title":{"rendered":"Descubre los valores Diamond"},"content":{"rendered":"<p><\/p>\n<p><img loading=\"lazy\" decoding=\"async\" class=\"alignnone size-full wp-image-1462\" alt=\"Les valeurs du Diamant 1\" src=\"http:\/\/www.duhalde-diamants.com\/wp-content\/uploads\/2013\/10\/6628.jpg\" width=\"650\" height=\"300\" srcset=\"https:\/\/www.duhalde-diamants.com\/wp-content\/uploads\/2013\/10\/6628.jpg 650w, https:\/\/www.duhalde-diamants.com\/wp-content\/uploads\/2013\/10\/6628-300x138.jpg 300w\" sizes=\"auto, (max-width: 650px) 100vw, 650px\" \/>\u00a0<\/p>\n<p><strong>Cualidades (pureza, de gran tama\u00f1o y color) de algunos diamantes son las piedras preciosas m\u00e1s populares en la joyer\u00eda.<\/strong><\/p>\n<div style=\"float: right; margin-left: 10px; width: 141px; text-align: center; margin-bottom: 10px; padding: 5px; border: 1px solid #B07E48;\"><a class=\"fancybox\" href=\"http:\/\/www.duhalde-diamants.com\/wp-content\/uploads\/2013\/10\/charte-hrd.jpg\"><img loading=\"lazy\" decoding=\"async\" class=\" wp-image-1285\" alt=\"charte-hrd\" src=\"http:\/\/www.duhalde-diamants.com\/wp-content\/uploads\/2013\/10\/charte-hrd-212x300.jpg\" width=\"141\" height=\"200\" srcset=\"https:\/\/www.duhalde-diamants.com\/wp-content\/uploads\/2013\/10\/charte-hrd-212x300.jpg 212w, https:\/\/www.duhalde-diamants.com\/wp-content\/uploads\/2013\/10\/charte-hrd-724x1024.jpg 724w, https:\/\/www.duhalde-diamants.com\/wp-content\/uploads\/2013\/10\/charte-hrd.jpg 911w\" sizes=\"auto, (max-width: 141px) 100vw, 141px\" \/><\/a><br \/>Charte de certification du diamant<\/div>\n<p>El do belleza es PORQUE Tiene un brillante alto indice de luz y la refracci\u00f3n de un Gran Poder de dispersi\u00f3n: penetrante, los rayos de luz se reflejan la Infinidad Dentro de piedra y la Luz Blanco Hacia el interior dispersa convertido en Una gama de colores. Diamantes (Como gotas de agua) en forma de prismas Funci\u00f3n Frenado, mas o menos dependiendo de la onda (violeta M\u00e1ximo, M\u00ednimo rojo), De Manera Los Colores que se extienden en forma de arco-en-ciel.<\/p>\n<p><strong>Todos los diamantes se utilizan en joyer\u00eda.<\/strong><\/p>\n<p>El m\u00e1s m\u00ednimo defecto puede eliminarlos de valor y que luego se utilizan para aplicaciones industriales. Estas burbujas internas o part\u00edculas extra\u00f1as, mal color o cuando tienen una forma irregular.<\/p>\n<p>De corte de diamante se hace sobre todo en Amberes (B\u00e9lgica), Tel Aviv (Israel) y Gujarat (India) por la comunidad de Jain. En Tailandia, son las piedras preciosas como rub\u00edes y zafiros se cortan.<\/p>\n<p>El grado de la belleza de la dispersi\u00f3n (efecto arco iris arco iris) diamante depende en gran medida del tama\u00f1o y pulir la piedra. Aunque, naturalmente, los chips de diamante tienen su propia, pueden ser mejorados y el tama\u00f1o multiplicado por un diamante de un experto.<\/p>\n<p>Debido a su extrema dureza, los diamantes no se pueden mecanizar por otro diamante, por lo que el tama\u00f1o y el pulido de la piedra son los elementos m\u00e1s importantes.<\/p>\n<p>Antes de corte examina la gema para determinar sus planos de exfoliaci\u00f3n. Luego traza sobre ella una l\u00ednea que marca el per\u00edmetro de estos planes. Sobre la misma, una peque\u00f1a ranura se hace con un tipo de madera en su extremo que lleva un diamante. A trav\u00e9s de esta apertura, se introduce una l\u00e1mina delgada de acero, le damos una piedra rap se divide en dos.<\/p>\n<p><a href=\"http:\/\/www.duhalde-diamants.com\/wp-content\/uploads\/2013\/10\/7395.jpg\"><img loading=\"lazy\" decoding=\"async\" alt=\"Les valeurs du Diamant 2\" src=\"http:\/\/www.duhalde-diamants.com\/wp-content\/uploads\/2013\/10\/7395.jpg\" width=\"650\" height=\"300\" \/><\/a><\/p>\n<hr \/>\n<p><strong>Hay muchas maneras de cortar el diamante.<\/strong><\/p>\n<p>El XV hasta el siglo XVII, la punta de tama\u00f1o pr\u00e1ctica (el pulido de la punta del octaedro) y la mesa en (pulir las caras del polvo de diamante de cristal). Pinturas retratos de la \u00e9poca muestran un diamante negro, porque estas t\u00e9cnicas son muy eficaces. En el siglo XVII aparece la \u00abbrillante\u00bb de corte, el tama\u00f1o m\u00e1s conocido, que pone lo mejor de la belleza del diamante y por lo tanto es el m\u00e1s utilizado. Esta avanzada t\u00e9cnica puede transformar gemas en bruto en piedra clara, mostrando 58 facetas (57 si no tomamos en cuenta la culata): 33 en la corona y 24 en el yugo, el tama\u00f1o regular y definida Espec\u00edficamente, la superficie del diamante.<\/p>\n<p>En efecto, si las nociones de pureza y color parecen familiares, las proporciones de tama\u00f1o son m\u00e1s raramente. Sin embargo, son un factor esencial de la calidad. Afectan directamente la prestaci\u00f3n de brillo y \u00abfuego\u00bb del diamante. Al mismo color, un diamante con buenas proporciones ser\u00e1 mucho m\u00e1s brillante que el diamante puro cortado incorrectamente.<\/p>\n<p>Desde el comienzo de tama\u00f1o Tolkovsky en 1919, el diamante ha tratado constantemente de optimizar la prestaci\u00f3n de la brillantez de los diamantes. Todos los tama\u00f1os de diamantes es sin duda el brillante redondo fue el m\u00e1s estudiado y es la de mayor \u00e9xito; Hoy en d\u00eda, las proporciones aplican a este tama\u00f1o resultado directo de la comprensi\u00f3n de las leyes \u00f3pticas del material y dominio de la t\u00e9cnica de corte y pulido.<\/p>\n<p>En Jap\u00f3n, la flecha de tama\u00f1o y los corazones es muy popular y llamada as\u00ed porque la forma de la obra de teatro de productos ligeros. Los sastres aprendices son muy raros siglo XXI, el tama\u00f1o que se realiza cada vez m\u00e1s por los l\u00e1seres que utilizan sistemas inform\u00e1ticos.<\/p>\n<p><a href=\"http:\/\/www.duhalde-diamants.com\/wp-content\/uploads\/2013\/10\/6615.jpg\"><img loading=\"lazy\" decoding=\"async\" alt=\"Les valeurs du Diamant 3\" src=\"http:\/\/www.duhalde-diamants.com\/wp-content\/uploads\/2013\/10\/6615.jpg\" width=\"650\" height=\"300\" \/><\/a><\/p>\n<hr \/>\n<p><strong>Los diamantes son tambi\u00e9n un c\u00f3digo de color.<\/strong><\/p>\n<p>El color m\u00e1s com\u00fan es el \u00abblanco\u00bb (ausencia de color: es decir, que el diamante es transparente e incolora). Estos colores se clasifican del D (el m\u00e1s puro blanco) a la Z (el tono m\u00e1s oscuro): <br \/>c\u00f3digo de colores <br \/>Blanco Excepcional + D <br \/>E Blanco excepcional <br \/>F Blanco + extra <br \/>G White adicional <br \/>H Blanco <br \/>I y J White matizada <br \/>K y L con un ligero tinte <br \/>M a la Z de color marcada<\/p>\n<p>En Jap\u00f3n, la flecha de tama\u00f1o y los corazones es muy popular y llamada as\u00ed porque la forma de la obra de teatro de productos ligeros. Los sastres aprendices son muy raros siglo XXI, el tama\u00f1o que se realiza cada vez m\u00e1s por los l\u00e1seres que utilizan sistemas inform\u00e1ticos.<\/p>\n<p><\/p>","protected":false},"excerpt":{"rendered":"<p>\u00a0 Cualidades (pureza, de gran tama\u00f1o y color) de algunos diamantes son las piedras preciosas m\u00e1s populares en la joyer\u00eda. Charte de certification du diamant El do belleza es PORQUE Tiene un brillante alto indice de luz y la refracci\u00f3n &hellip; <a href=\"https:\/\/www.duhalde-diamants.com\/es\/decouvrez-les-valeurs-du-diamant\/\">Continuer la lecture <span class=\"glyphicon glyphicon-chevron-right\"><\/span><\/a><\/p>\n","protected":false},"author":2,"featured_media":0,"parent":0,"menu_order":0,"comment_status":"closed","ping_status":"closed","template":"","meta":{"_acf_changed":false,"_seopress_robots_primary_cat":"","_seopress_titles_title":"","_seopress_titles_desc":"","_seopress_robots_index":"","ngg_post_thumbnail":0,"footnotes":""},"class_list":["post-74","page","type-page","status-publish","hentry"],"acf":[],"_links":{"self":[{"href":"https:\/\/www.duhalde-diamants.com\/es\/wp-json\/wp\/v2\/pages\/74","targetHints":{"allow":["GET"]}}],"collection":[{"href":"https:\/\/www.duhalde-diamants.com\/es\/wp-json\/wp\/v2\/pages"}],"about":[{"href":"https:\/\/www.duhalde-diamants.com\/es\/wp-json\/wp\/v2\/types\/page"}],"author":[{"embeddable":true,"href":"https:\/\/www.duhalde-diamants.com\/es\/wp-json\/wp\/v2\/users\/2"}],"replies":[{"embeddable":true,"href":"https:\/\/www.duhalde-diamants.com\/es\/wp-json\/wp\/v2\/comments?post=74"}],"version-history":[{"count":4,"href":"https:\/\/www.duhalde-diamants.com\/es\/wp-json\/wp\/v2\/pages\/74\/revisions"}],"predecessor-version":[{"id":1839,"href":"https:\/\/www.duhalde-diamants.com\/es\/wp-json\/wp\/v2\/pages\/74\/revisions\/1839"}],"wp:attachment":[{"href":"https:\/\/www.duhalde-diamants.com\/es\/wp-json\/wp\/v2\/media?parent=74"}],"curies":[{"name":"wp","href":"https:\/\/api.w.org\/{rel}","templated":true}]}}